{"id":13952,"date":"2025-06-06T09:21:50","date_gmt":"2025-06-06T07:21:50","guid":{"rendered":"https:\/\/gastro.digital\/?page_id=13952"},"modified":"2025-07-02T09:53:27","modified_gmt":"2025-07-02T07:53:27","slug":"zahlung-an-die-mesmo-gmbh","status":"publish","type":"page","link":"https:\/\/gastro.digital\/en\/zahlung-an-die-mesmo-gmbh\/","title":{"rendered":"Zahlung an die mes.mo GmbH"},"content":{"rendered":"<div data-elementor-type=\"wp-page\" data-elementor-id=\"13952\" class=\"elementor elementor-13952\">\n\t\t\t\t\t\t<section class=\"elementor-section elementor-top-section elementor-element elementor-element-1e0e346 elementor-section-boxed elementor-section-height-default elementor-section-height-default\" data-id=\"1e0e346\" data-element_type=\"section\" data-e-type=\"section\">\n\t\t\t\t\t\t<div class=\"elementor-container elementor-column-gap-default\">\n\t\t\t\t\t<div class=\"elementor-column elementor-col-100 elementor-top-column elementor-element elementor-element-c906ee9\" data-id=\"c906ee9\" data-element_type=\"column\" data-e-type=\"column\">\n\t\t\t<div class=\"elementor-widget-wrap elementor-element-populated\">\n\t\t\t\t\t\t<div class=\"elementor-element elementor-element-8b63e0c elementor-widget elementor-widget-deski_page_title\" data-id=\"8b63e0c\" data-element_type=\"widget\" data-e-type=\"widget\" data-widget_type=\"deski_page_title.default\">\n\t\t\t\t<div class=\"elementor-widget-container\">\n\t\t\t\t\t\r\n<div class=\"fancy-hero-one\">\r\n\t<div class=\"container\">\r\n\t\t<div class=\"row\">\r\n\t\t\t\t\t\t\t<div class=\"col-xl-9 col-lg-10 m-auto\">\r\n\t\t\t\t\t<h2 class=\"font-rubik deski-page-title\">Abbuchung von mes.mo GmbH auf meinem Kontoauszug\/bei PayPal?<\/h2>\r\n\t\t\t\t<\/div>\r\n\t\t\t\t\t\t\t\t\t\t<div class=\"col-lg-9 m-auto\">\r\n\t\t\t\t\t\t\t\t\t\t\t<p class=\"font-rubik deski-page-subtitle\">Du hast entdeckt, dass auf deinem Kontoauszug, deiner Kreditkarte oder beim PayPal-Konto etwas von der mes.mo GmbH\u00a0 abgebucht wurde und f\u00fcr dich ist nicht nachvollziehbar, wof\u00fcr diese Zahlung erfolgt ist?<\/p>\r\n\t\t\t\t\t\t\t\t\t\t\t\t\t\t<\/div>\r\n\t\t\t\t\t<\/div>\r\n\t<\/div>\r\n\r\n\t\t\t<div class=\"bubble-one\"><\/div>\r\n\t\t<div class=\"bubble-two\"><\/div>\r\n\t\t<div class=\"bubble-three\"><\/div>\r\n\t\t<div class=\"bubble-four\"><\/div>\r\n\t\t<div class=\"bubble-five\"><\/div>\r\n\t\t<div class=\"bubble-six\"><\/div>\r\n\t<\/div>\r\n\r\n\r\n\r\n\r\n\t\t\t\t<\/div>\n\t\t\t\t<\/div>\n\t\t\t\t<div class=\"elementor-element elementor-element-aab6919 elementor-widget elementor-widget-deski_heading\" data-id=\"aab6919\" data-element_type=\"widget\" data-e-type=\"widget\" data-widget_type=\"deski_heading.default\">\n\t\t\t\t<div class=\"elementor-widget-container\">\n\t\t\t\t\t\r\n\t\t<div class=\"title-style-two deski-custom-heading\">\r\n\t\t\t<p class=\"subtitle\">Abbuchung von mes.mo GmbH<\/p><h2 class=\"title\"><span>Keine Sorge \u2013 die L\u00f6sung ist einfach:<\/span> <\/h2>\t\t<\/div>\r\n\r\n\t\t\t\t\t<script>\r\n\t\t\t\t;\r\n\t\t\t\t(function ($) {\r\n\t\t\t\t\t\"use strict\";\r\n\t\t\t\t\t$(\".elementor-element-aab6919 .deski-custom-heading span\").append(\r\n\t\t\t\t\t\t'<img decoding=\"async\" src=\"https:\/\/gastro.digital\/wp-content\/plugins\/deski-core\/widgets\/images\/line-shape-2.svg\"  alt=\"heading underline\" >'\r\n\t\t\t\t\t);\r\n\t\t\t\t})(jQuery);\r\n\t\t\t<\/script>\r\n\t\t\r\n\t\t\t\t\t\t<\/div>\n\t\t\t\t<\/div>\n\t\t\t\t\t<\/div>\n\t\t<\/div>\n\t\t\t\t\t<\/div>\n\t\t<\/section>\n\t\t\t\t<section class=\"elementor-section elementor-top-section elementor-element elementor-element-46be51f elementor-section-boxed elementor-section-height-default elementor-section-height-default\" data-id=\"46be51f\" data-element_type=\"section\" data-e-type=\"section\">\n\t\t\t\t\t\t<div class=\"elementor-container elementor-column-gap-default\">\n\t\t\t\t\t<div class=\"elementor-column elementor-col-100 elementor-top-column elementor-element elementor-element-00d419c\" data-id=\"00d419c\" data-element_type=\"column\" data-e-type=\"column\">\n\t\t\t<div class=\"elementor-widget-wrap elementor-element-populated\">\n\t\t\t\t\t\t<div class=\"elementor-element elementor-element-c663b7b elementor-widget elementor-widget-wp-widget-text\" data-id=\"c663b7b\" data-element_type=\"widget\" data-e-type=\"widget\" data-widget_type=\"wp-widget-text.default\">\n\t\t\t\t<div class=\"elementor-widget-container\">\n\t\t\t\t\t\t\t\t<div class=\"textwidget\"><p data-start=\"476\" data-end=\"670\">Die <strong data-start=\"480\" data-end=\"495\">mes.mo GmbH<\/strong> ist Anbieter f\u00fcr Online-Shops und Buchungssysteme f\u00fcr verschiedene Restaurants, Veranstaltungsorte und gastronomische Betriebe in Deutschland. Wenn du also z.\u202fB. auf einer Webseite:<\/p>\n<\/div>\n\t\t\t\t\t\t<\/div>\n\t\t\t\t<\/div>\n\t\t\t\t<div class=\"elementor-element elementor-element-49370f0 elementor-icon-list--layout-traditional elementor-list-item-link-full_width elementor-widget elementor-widget-icon-list\" data-id=\"49370f0\" data-element_type=\"widget\" data-e-type=\"widget\" data-widget_type=\"icon-list.default\">\n\t\t\t\t<div class=\"elementor-widget-container\">\n\t\t\t\t\t\t\t<ul class=\"elementor-icon-list-items\">\n\t\t\t\t\t\t\t<li class=\"elementor-icon-list-item\">\n\t\t\t\t\t\t\t\t\t\t\t<span class=\"elementor-icon-list-icon\">\n\t\t\t\t\t\t\t<i aria-hidden=\"true\" class=\"fas fa-check\"><\/i>\t\t\t\t\t\t<\/span>\n\t\t\t\t\t\t\t\t\t\t<span class=\"elementor-icon-list-text\">einen Gutschein f\u00fcr ein Restaurant gekauft hast,<\/span>\n\t\t\t\t\t\t\t\t\t<\/li>\n\t\t\t\t\t\t\t\t<li class=\"elementor-icon-list-item\">\n\t\t\t\t\t\t\t\t\t\t\t<span class=\"elementor-icon-list-icon\">\n\t\t\t\t\t\t\t<i aria-hidden=\"true\" class=\"fas fa-check\"><\/i>\t\t\t\t\t\t<\/span>\n\t\t\t\t\t\t\t\t\t\t<span class=\"elementor-icon-list-text\">oder \u00fcber den Online-Shop eines Restaurants etwas bestellt hast,<\/span>\n\t\t\t\t\t\t\t\t\t<\/li>\n\t\t\t\t\t\t\t\t<li class=\"elementor-icon-list-item\">\n\t\t\t\t\t\t\t\t\t\t\t<span class=\"elementor-icon-list-icon\">\n\t\t\t\t\t\t\t<i aria-hidden=\"true\" class=\"fas fa-check\"><\/i>\t\t\t\t\t\t<\/span>\n\t\t\t\t\t\t\t\t\t\t<span class=\"elementor-icon-list-text\">eine Anzahlung f\u00fcr eine Restaurant-Reservierung geleistet hast,<\/span>\n\t\t\t\t\t\t\t\t\t<\/li>\n\t\t\t\t\t\t\t\t<li class=\"elementor-icon-list-item\">\n\t\t\t\t\t\t\t\t\t\t\t<span class=\"elementor-icon-list-icon\">\n\t\t\t\t\t\t\t<i aria-hidden=\"true\" class=\"fas fa-check\"><\/i>\t\t\t\t\t\t<\/span>\n\t\t\t\t\t\t\t\t\t\t<span class=\"elementor-icon-list-text\">Tickets f\u00fcr eine Veranstaltung oder ein Dinner-Event gebucht hast,<\/span>\n\t\t\t\t\t\t\t\t\t<\/li>\n\t\t\t\t\t\t<\/ul>\n\t\t\t\t\t\t<\/div>\n\t\t\t\t<\/div>\n\t\t\t\t<div class=\"elementor-element elementor-element-4cf3895 elementor-widget elementor-widget-wp-widget-text\" data-id=\"4cf3895\" data-element_type=\"widget\" data-e-type=\"widget\" data-widget_type=\"wp-widget-text.default\">\n\t\t\t\t<div class=\"elementor-widget-container\">\n\t\t\t\t\t\t\t\t<div class=\"textwidget\"><p>\u2026 dann erfolgt das Handling \u00fcber uns \u2013 die <strong data-start=\"992\" data-end=\"1007\">mes.mo GmbH<\/strong><\/p>\n<p>im Auftrag vom jeweiligen Unternehmen.<\/p>\n<h3 data-start=\"1047\" data-end=\"1060\">Beispiel:<\/h3>\n<p data-start=\"1061\" data-end=\"1283\">Du buchst ein Candle-Light-Dinner bei \u201eRestaurant am Fluss\u201c, und erh\u00e4ltst deine Best\u00e4tigung per E-Mail \u2013 aber auf deinem Kontoauszug f\u00fcr die betroffene Transaktion steht nicht \u201eRestaurant am Fluss\u201c, sondern <strong data-start=\"1232\" data-end=\"1247\">mes.mo GmbH<\/strong>.<br data-start=\"1248\" data-end=\"1251\" \/>Das ist korrekt &#8211; die Buchung berechtigt.<\/p>\n<\/div>\n\t\t\t\t\t\t<\/div>\n\t\t\t\t<\/div>\n\t\t\t\t\t<\/div>\n\t\t<\/div>\n\t\t\t\t\t<\/div>\n\t\t<\/section>\n\t\t\t\t<section class=\"elementor-section elementor-top-section elementor-element elementor-element-39f7079 elementor-section-boxed elementor-section-height-default elementor-section-height-default\" data-id=\"39f7079\" data-element_type=\"section\" data-e-type=\"section\">\n\t\t\t\t\t\t<div class=\"elementor-container elementor-column-gap-default\">\n\t\t\t\t\t<div class=\"elementor-column elementor-col-100 elementor-top-column elementor-element elementor-element-6e872cc\" data-id=\"6e872cc\" data-element_type=\"column\" data-e-type=\"column\">\n\t\t\t<div class=\"elementor-widget-wrap elementor-element-populated\">\n\t\t\t\t\t\t<section class=\"elementor-section elementor-inner-section elementor-element elementor-element-a6ab0be elementor-section-boxed elementor-section-height-default elementor-section-height-default\" data-id=\"a6ab0be\" data-element_type=\"section\" data-e-type=\"section\">\n\t\t\t\t\t\t<div class=\"elementor-container elementor-column-gap-default\">\n\t\t\t\t\t<div class=\"elementor-column elementor-col-100 elementor-inner-column elementor-element elementor-element-9dede14\" data-id=\"9dede14\" data-element_type=\"column\" data-e-type=\"column\">\n\t\t\t<div class=\"elementor-widget-wrap elementor-element-populated\">\n\t\t\t\t\t\t<div class=\"elementor-element elementor-element-dd8abfb elementor-align-center elementor-widget elementor-widget-deski_heading\" data-id=\"dd8abfb\" data-element_type=\"widget\" data-e-type=\"widget\" data-widget_type=\"deski_heading.default\">\n\t\t\t\t<div class=\"elementor-widget-container\">\n\t\t\t\t\t\r\n\t\t<div class=\"title-style-two deski-custom-heading aj-underline-heading\">\r\n\t\t\t<h6 class=\"subtitle\">FAQ<\/h6><h2 class=\"title\"><span>Frequently asked questions<\/span> <\/h2>\t\t<\/div>\r\n\r\n\t\t\r\n\t\t\t\t\t\t<\/div>\n\t\t\t\t<\/div>\n\t\t\t\t<div class=\"elementor-element elementor-element-6f15bc5 elementor-widget elementor-widget-deski_accordion\" data-id=\"6f15bc5\" data-element_type=\"widget\" data-e-type=\"widget\" data-widget_type=\"deski_accordion.default\">\n\t\t\t\t<div class=\"elementor-widget-container\">\n\t\t\t\t\t<div class=\"faq-section-four bg-white aj-accordion-four\">\r\n\t<div id=\"accordion-6f15bc5\" class=\"accordion-style-four\">\r\n\t\t\t\t\t<div class=\"card elementor-repeater-item-8a44f05\">\r\n\t\t\t\t<div class=\"card-header\" id=\"heading-8a44f05\">\r\n\t\t\t\t\t<h5 class=\"mb-0\">\r\n\t\t\t\t\t\t\t\t\t\t\t\t\t<button class=\"btn btn-link\" data-toggle=\"collapse\" data-target=\"#collapse8a44f05\" aria-expanded=\"true\" aria-controls=\"collapse8a44f05\">\r\n\t\t\t\t\t\t\t\t\u201eIch habe einen Gutschein Bestellung get\u00e4tigt, aber nichts erhalten.\u201c\t\t\t\t\t\t\t<\/button>\r\n\t\t\t\t\t\t\t\t\t\t\t<\/h5>\r\n\t\t\t\t<\/div>\r\n\t\t\t\t<div id=\"collapse8a44f05\" class=\"collapse\" aria-labelledby=\"heading-8a44f05\" data-parent=\"#accordion-6f15bc5\">\r\n\t\t\t\t\t<div class=\"card-body\">\r\n\t\t\t\t\t\t<p data-start=\"1372\" data-end=\"1389\">Bitte pr\u00fcfe:<\/p>\n<ul data-start=\"1390\" data-end=\"1509\">\n<li data-start=\"1390\" data-end=\"1424\">\n<p data-start=\"1392\" data-end=\"1424\">deinen <strong data-start=\"1398\" data-end=\"1424\">Spam-\/Junk-Mail-Ordner<\/strong><\/p>\n<\/li>\n<li data-start=\"1425\" data-end=\"1472\">\n<p data-start=\"1427\" data-end=\"1472\">Ob die E-Mail-Adresse beim Kauf korrekt war<\/p>\n<\/li>\n<li data-start=\"1473\" data-end=\"1509\">\n<p data-start=\"1475\" data-end=\"1509\">Ob die Zahlung abgeschlossen wurde<\/p>\n<\/li>\n<\/ul>\n<p data-start=\"1511\" data-end=\"1643\">Falls du den Gutschein dennoch nicht finden kannst, schreib uns bitte eine kurze Nachricht an <b>support@gastro.digital <\/b>mit:<\/p>\n<ul data-start=\"1644\" data-end=\"1723\">\n<li data-start=\"1644\" data-end=\"1657\">\n<p data-start=\"1646\" data-end=\"1657\">deinem Namen<\/p>\n<\/li>\n<li data-start=\"1658\" data-end=\"1676\">\n<p data-start=\"1660\" data-end=\"1676\">dem Bestelldatum<\/p>\n<\/li>\n<li data-start=\"1677\" data-end=\"1723\">\n<p data-start=\"1679\" data-end=\"1723\">und m\u00f6glichst der verwendeten E-Mail-Adresse<\/p>\n<\/li>\n<\/ul>\n<p data-start=\"1725\" data-end=\"1757\">Wir helfen dir schnell weiter.<\/p>\n\t\t\t\t\t<\/div>\r\n\t\t\t\t<\/div>\r\n\t\t\t<\/div>\r\n\t\t\t\t\t<div class=\"card elementor-repeater-item-bb4e0dd\">\r\n\t\t\t\t<div class=\"card-header\" id=\"heading-bb4e0dd\">\r\n\t\t\t\t\t<h5 class=\"mb-0\">\r\n\t\t\t\t\t\t\t\t\t\t\t\t\t<button class=\"btn btn-link\" data-toggle=\"collapse\" data-target=\"#collapsebb4e0dd\" aria-expanded=\"true\" aria-controls=\"collapsebb4e0dd\">\r\n\t\t\t\t\t\t\t\t\u201eIch kann die Konto Abbuchung nicht zuordnen und habe die Zahlung zur\u00fcckgebucht.\u201c\t\t\t\t\t\t\t<\/button>\r\n\t\t\t\t\t\t\t\t\t\t\t<\/h5>\r\n\t\t\t\t<\/div>\r\n\t\t\t\t<div id=\"collapsebb4e0dd\" class=\"collapse\" aria-labelledby=\"heading-bb4e0dd\" data-parent=\"#accordion-6f15bc5\">\r\n\t\t\t\t\t<div class=\"card-body\">\r\n\t\t\t\t\t\t<p data-start=\"1836\" data-end=\"2007\">Das passiert manchmal \u2013 ist aber problematisch.<br data-start=\"1883\" data-end=\"1886\" \/>Wenn du die R\u00fcckzahlung veranlasst, m\u00fcssen wir je nach Sachverhalt die Bestellung stornieren. Das kann bedeuten, dass:<\/p>\n<ul data-start=\"2008\" data-end=\"2104\">\n<li data-start=\"2008\" data-end=\"2040\">\n<p data-start=\"2010\" data-end=\"2040\"><strong data-start=\"2010\" data-end=\"2040\">Gutscheine gesperrt werden<\/strong><\/p>\n<\/li>\n<li data-start=\"2041\" data-end=\"2068\">\n<p data-start=\"2043\" data-end=\"2068\"><strong data-start=\"2043\" data-end=\"2068\">Tickets ung\u00fcltig sind<\/strong><\/p>\n<\/li>\n<li data-start=\"2069\" data-end=\"2104\">\n<p data-start=\"2071\" data-end=\"2104\">oder <strong data-start=\"2076\" data-end=\"2104\">Reservierungen verfallen<\/strong><\/p>\n<\/li>\n<\/ul>\n<p data-start=\"2106\" data-end=\"2231\">Bitte kontaktiere uns <strong data-start=\"2133\" data-end=\"2140\">vor<\/strong> einer R\u00fcckbuchung \u2013 in fast allen F\u00e4llen l\u00e4sst sich das Missverst\u00e4ndnis schnell aufkl\u00e4ren!<\/p>\n<p data-start=\"2106\" data-end=\"2231\">Wenn du uns als Zahlungsdienstleister identifiziert hast, schlie\u00dfe z.B. einfach den Fall bei Paypal, solltest du bereits einen er\u00f6ffnet haben.\u00a0<\/p>\n\t\t\t\t\t<\/div>\r\n\t\t\t\t<\/div>\r\n\t\t\t<\/div>\r\n\t\t\t\t\t<div class=\"card elementor-repeater-item-55412e6\">\r\n\t\t\t\t<div class=\"card-header\" id=\"heading-55412e6\">\r\n\t\t\t\t\t<h5 class=\"mb-0\">\r\n\t\t\t\t\t\t\t\t\t\t\t\t\t<button class=\"btn btn-link\" data-toggle=\"collapse\" data-target=\"#collapse55412e6\" aria-expanded=\"true\" aria-controls=\"collapse55412e6\">\r\n\t\t\t\t\t\t\t\t\"Ich habe eine andere Frage, wie kann ich Kontakt aufnehmen?\"\t\t\t\t\t\t\t<\/button>\r\n\t\t\t\t\t\t\t\t\t\t\t<\/h5>\r\n\t\t\t\t<\/div>\r\n\t\t\t\t<div id=\"collapse55412e6\" class=\"collapse\" aria-labelledby=\"heading-55412e6\" data-parent=\"#accordion-6f15bc5\">\r\n\t\t\t\t\t<div class=\"card-body\">\r\n\t\t\t\t\t\t<p data-start=\"2250\" data-end=\"2409\">Wenn du unsicher bist, wof\u00fcr eine Zahlung war, helfen wir gerne weiter:<br data-start=\"2328\" data-end=\"2331\" \/>\ud83d\udce7 <strong data-start=\"2334\" data-end=\"2367\">Sende uns eine E-Mail an support@gastro.digital<\/strong><br data-start=\"2367\" data-end=\"2370\" \/>\ud83d\udcde K<strong data-start=\"2373\" data-end=\"2409\">ontaktiere uns per Telefon<\/strong><\/p>\n<p data-start=\"2411\" data-end=\"2469\">Bitte halte dabei idealerweise folgende Infos bereit:<\/p>\n<ul data-start=\"2470\" data-end=\"2561\">\n<li data-start=\"2470\" data-end=\"2491\">\n<p data-start=\"2472\" data-end=\"2491\">Datum der Abbuchung<\/p>\n<\/li>\n<li data-start=\"2492\" data-end=\"2510\">\n<p data-start=\"2494\" data-end=\"2510\">H\u00f6he des Betrags<\/p>\n<\/li>\n<li data-start=\"2511\" data-end=\"2561\">\n<p data-start=\"2513\" data-end=\"2561\">Der bei der Bestellung verwendete E-Mail Empf\u00e4nger<\/p>\n<\/li>\n<\/ul>\n\t\t\t\t\t<\/div>\r\n\t\t\t\t<\/div>\r\n\t\t\t<\/div>\r\n\t\t\t<\/div>\r\n<\/div>\r\n\r\n<script type=\"text\/javascript\">\r\n\t(function($) {\r\n\t\t\"use strict\";\r\n\r\n\t\t$(document).ready(function() {\r\n\t\t\t\/\/ Accordion\r\n\t\t\t$('.card-header button').on('click', function() {\r\n\t\t\t\tvar $collapse = $(this).closest('.card').find('.collapse');\r\n\t\t\t\t\r\n\t\t\t\tif ($collapse.hasClass('show')) {\r\n\t\t\t\t\t$collapse.collapse('hide');\r\n\t\t\t\t} else {\r\n\t\t\t\t\t$('.collapse.show').collapse('hide');\r\n\t\t\t\t\t$collapse.collapse('show');\r\n\t\t\t\t}\r\n\t\t\t});\r\n\t\t});\r\n\t})(jQuery);\r\n<\/script>\t\t\t\t<\/div>\n\t\t\t\t<\/div>\n\t\t\t\t\t<\/div>\n\t\t<\/div>\n\t\t\t\t\t<\/div>\n\t\t<\/section>\n\t\t\t\t\t<\/div>\n\t\t<\/div>\n\t\t\t\t\t<\/div>\n\t\t<\/section>\n\t\t\t\t<section class=\"elementor-section elementor-top-section elementor-element elementor-element-e67acd5 elementor-section-boxed elementor-section-height-default elementor-section-height-default\" data-id=\"e67acd5\" data-element_type=\"section\" data-e-type=\"section\">\n\t\t\t\t\t\t<div class=\"elementor-container elementor-column-gap-default\">\n\t\t\t\t\t<div class=\"elementor-column elementor-col-100 elementor-top-column elementor-element elementor-element-0cd3ee2\" data-id=\"0cd3ee2\" data-element_type=\"column\" data-e-type=\"column\">\n\t\t\t<div class=\"elementor-widget-wrap elementor-element-populated\">\n\t\t\t\t\t\t<div class=\"elementor-element elementor-element-1dd68fc elementor-widget elementor-widget-heading\" data-id=\"1dd68fc\" data-element_type=\"widget\" data-e-type=\"widget\" data-widget_type=\"heading.default\">\n\t\t\t\t<div class=\"elementor-widget-container\">\n\t\t\t\t\t<h2 class=\"elementor-heading-title elementor-size-default\">Zusammengefasst<\/h2>\t\t\t\t<\/div>\n\t\t\t\t<\/div>\n\t\t\t\t\t<\/div>\n\t\t<\/div>\n\t\t\t\t\t<\/div>\n\t\t<\/section>\n\t\t\t\t<section class=\"elementor-section elementor-top-section elementor-element elementor-element-394b40a elementor-section-boxed elementor-section-height-default elementor-section-height-default\" data-id=\"394b40a\" data-element_type=\"section\" data-e-type=\"section\">\n\t\t\t\t\t\t<div class=\"elementor-container elementor-column-gap-default\">\n\t\t\t\t\t<div class=\"elementor-column elementor-col-100 elementor-top-column elementor-element elementor-element-87a9c47\" data-id=\"87a9c47\" data-element_type=\"column\" data-e-type=\"column\">\n\t\t\t<div class=\"elementor-widget-wrap elementor-element-populated\">\n\t\t\t\t\t\t<div class=\"elementor-element elementor-element-e2ad595 elementor-widget elementor-widget-text-editor\" data-id=\"e2ad595\" data-element_type=\"widget\" data-e-type=\"widget\" data-widget_type=\"text-editor.default\">\n\t\t\t\t<div class=\"elementor-widget-container\">\n\t\t\t\t\t\t\t\t\t<p data-start=\"2589\" data-end=\"2880\">Die <strong data-start=\"2593\" data-end=\"2608\">mes.mo GmbH<\/strong>\u00a0betreut Restaurants und Gastronomien\u00a0im Hintergrund \u2013 Sie haben bei einem unserer Partner bestellt, gebucht oder reserviert. Wir k\u00fcmmern uns um die sichere Abwicklung und stellen sicher, dass Ihre Bestellung zuverl\u00e4ssig beim Restaurant oder Veranstalter ankommt.<\/p><p data-start=\"2589\" data-end=\"2880\">Sie d\u00fcrfen sich als Nutzer darauf verlassen, dass wir Ihre Zahlung per paypal, Sofort\u00fcberweisung oder einen anderen Zahlungsweg nur f\u00fcr die Abwicklung vom Angebot des Restaurants\/des Veranstalters bearbeiten.\u00a0<\/p><p data-start=\"2882\" data-end=\"2912\">Vielen Dank f\u00fcr Ihr Vertrauen!<\/p>\t\t\t\t\t\t\t\t<\/div>\n\t\t\t\t<\/div>\n\t\t\t\t\t<\/div>\n\t\t<\/div>\n\t\t\t\t\t<\/div>\n\t\t<\/section>\n\t\t\t\t<\/div>","protected":false},"excerpt":{"rendered":"<p>Abbuchung von mes.mo GmbH auf meinem Kontoauszug\/bei PayPal? Du hast entdeckt, dass auf deinem Kontoauszug, deiner Kreditkarte oder beim PayPal-Konto etwas von der mes.mo GmbH\u00a0 abgebucht wurde und f\u00fcr dich ist nicht nachvollziehbar, wof\u00fcr diese Zahlung erfolgt ist? Abbuchung von mes.mo GmbH Keine Sorge \u2013 die L\u00f6sung ist einfach: einen Gutschein f\u00fcr ein Restaurant gekauft [&hellip;]<\/p>\n","protected":false},"author":2,"featured_media":0,"parent":0,"menu_order":0,"comment_status":"closed","ping_status":"closed","template":"","meta":{"_acf_changed":false,"content-type":"","footnotes":""},"class_list":["post-13952","page","type-page","status-publish","hentry","no-post-thumbnail"],"acf":[],"aioseo_notices":[],"_links":{"self":[{"href":"https:\/\/gastro.digital\/en\/wp-json\/wp\/v2\/pages\/13952","targetHints":{"allow":["GET"]}}],"collection":[{"href":"https:\/\/gastro.digital\/en\/wp-json\/wp\/v2\/pages"}],"about":[{"href":"https:\/\/gastro.digital\/en\/wp-json\/wp\/v2\/types\/page"}],"author":[{"embeddable":true,"href":"https:\/\/gastro.digital\/en\/wp-json\/wp\/v2\/users\/2"}],"replies":[{"embeddable":true,"href":"https:\/\/gastro.digital\/en\/wp-json\/wp\/v2\/comments?post=13952"}],"version-history":[{"count":13,"href":"https:\/\/gastro.digital\/en\/wp-json\/wp\/v2\/pages\/13952\/revisions"}],"predecessor-version":[{"id":14112,"href":"https:\/\/gastro.digital\/en\/wp-json\/wp\/v2\/pages\/13952\/revisions\/14112"}],"wp:attachment":[{"href":"https:\/\/gastro.digital\/en\/wp-json\/wp\/v2\/media?parent=13952"}],"curies":[{"name":"wp","href":"https:\/\/api.w.org\/{rel}","templated":true}]}}