{"id":12805,"date":"2022-11-17T16:12:48","date_gmt":"2022-11-17T15:12:48","guid":{"rendered":"https:\/\/gastro.digital\/?page_id=12805"},"modified":"2025-07-09T12:03:16","modified_gmt":"2025-07-09T10:03:16","slug":"demotermin","status":"publish","type":"page","link":"https:\/\/gastro.digital\/en\/demotermin\/","title":{"rendered":"Vereinbare Deinen Demotermin!"},"content":{"rendered":"<div data-elementor-type=\"wp-page\" data-elementor-id=\"12805\" class=\"elementor elementor-12805\">\n\t\t\t\t\t\t<section class=\"elementor-section elementor-top-section elementor-element elementor-element-3ef8b74 elementor-section-boxed elementor-section-height-default elementor-section-height-default\" data-id=\"3ef8b74\" data-element_type=\"section\" data-e-type=\"section\">\n\t\t\t\t\t\t<div class=\"elementor-container elementor-column-gap-default\">\n\t\t\t\t\t<div class=\"elementor-column elementor-col-100 elementor-top-column elementor-element elementor-element-0f47387\" data-id=\"0f47387\" data-element_type=\"column\" data-e-type=\"column\">\n\t\t\t<div class=\"elementor-widget-wrap elementor-element-populated\">\n\t\t\t\t\t\t<div class=\"elementor-element elementor-element-f2f9ed9 elementor-widget elementor-widget-deski_heading\" data-id=\"f2f9ed9\" data-element_type=\"widget\" data-e-type=\"widget\" data-widget_type=\"deski_heading.default\">\n\t\t\t\t<div class=\"elementor-widget-container\">\n\t\t\t\t\t\r\n\t\t<div class=\"title-style-two deski-custom-heading\">\r\n\t\t\t<p class=\"subtitle\">Zum Produkt deiner Wahl<\/p><h2 class=\"title\">Vereinbare deinen <br><span>pers\u00f6nlichen Beratungstermin <\/span> <\/h2>\t\t<\/div>\r\n\r\n\t\t\t\t\t<script>\r\n\t\t\t\t;\r\n\t\t\t\t(function ($) {\r\n\t\t\t\t\t\"use strict\";\r\n\t\t\t\t\t$(\".elementor-element-f2f9ed9 .deski-custom-heading span\").append(\r\n\t\t\t\t\t\t'<img decoding=\"async\" src=\"https:\/\/gastro.digital\/wp-content\/plugins\/deski-core\/widgets\/images\/line-shape-2.svg\"  alt=\"heading underline\" >'\r\n\t\t\t\t\t);\r\n\t\t\t\t})(jQuery);\r\n\t\t\t<\/script>\r\n\t\t\r\n\t\t\t\t\t\t<\/div>\n\t\t\t\t<\/div>\n\t\t\t\t\t<\/div>\n\t\t<\/div>\n\t\t\t\t\t<\/div>\n\t\t<\/section>\n\t\t\t\t<section class=\"elementor-section elementor-top-section elementor-element elementor-element-8341a8c elementor-section-boxed elementor-section-height-default elementor-section-height-default\" data-id=\"8341a8c\" data-element_type=\"section\" data-e-type=\"section\">\n\t\t\t\t\t\t<div class=\"elementor-container elementor-column-gap-default\">\n\t\t\t\t\t<div class=\"elementor-column elementor-col-100 elementor-top-column elementor-element elementor-element-9701571\" data-id=\"9701571\" data-element_type=\"column\" data-e-type=\"column\">\n\t\t\t<div class=\"elementor-widget-wrap elementor-element-populated\">\n\t\t\t\t\t\t<div class=\"elementor-element elementor-element-0e65963 elementor-widget elementor-widget-text-editor\" data-id=\"0e65963\" data-element_type=\"widget\" data-e-type=\"widget\" data-widget_type=\"text-editor.default\">\n\t\t\t\t<div class=\"elementor-widget-container\">\n\t\t\t\t\t\t\t\t\t<p>Im pers\u00f6nlichen Gespr\u00e4ch finden wir heraus, wie Gastro.Digital am besten zu deinem Unternehmen passt.\u00a0<\/p>\n<p>W\u00e4hle hier direkt einen Termin und das Produkt, f\u00fcr das du dich am meisten interessierst.<\/p>\n<p>Du bist schon Kunde? Dann buche hier einen Termin f\u00fcr die Einrichtung deiner Software oder eine Mitarbeiterschulung<\/p>\t\t\t\t\t\t\t\t<\/div>\n\t\t\t\t<\/div>\n\t\t\t\t\t<\/div>\n\t\t<\/div>\n\t\t\t\t\t<\/div>\n\t\t<\/section>\n\t\t\t\t<section class=\"elementor-section elementor-top-section elementor-element elementor-element-b776224 elementor-section-boxed elementor-section-height-default elementor-section-height-default\" data-id=\"b776224\" data-element_type=\"section\" data-e-type=\"section\">\n\t\t\t\t\t\t<div class=\"elementor-container elementor-column-gap-default\">\n\t\t\t\t\t<div class=\"elementor-column elementor-col-100 elementor-top-column elementor-element elementor-element-b088d85\" data-id=\"b088d85\" data-element_type=\"column\" data-e-type=\"column\">\n\t\t\t<div class=\"elementor-widget-wrap elementor-element-populated\">\n\t\t\t\t\t\t<div class=\"elementor-element elementor-element-5053b6a elementor-widget elementor-widget-html\" data-id=\"5053b6a\" data-element_type=\"widget\" data-e-type=\"widget\" data-widget_type=\"html.default\">\n\t\t\t\t<div class=\"elementor-widget-container\">\n\t\t\t\t\t<link rel=\"stylesheet\" href=\"https:\/\/kunden.gastro.digital\/widgets\/styles.css\" \/>\n<script src=\"https:\/\/kunden.gastro.digital\/widgets\/elements.js\"><\/script>\n\n<reservation-widget client=\"271485\"><\/reservation-widget>\n\t\t\t\t<\/div>\n\t\t\t\t<\/div>\n\t\t\t\t\t<\/div>\n\t\t<\/div>\n\t\t\t\t\t<\/div>\n\t\t<\/section>\n\t\t\t\t<\/div>","protected":false},"excerpt":{"rendered":"<p>Zum Produkt deiner Wahl Vereinbare deinen pers\u00f6nlichen Beratungstermin Im pers\u00f6nlichen Gespr\u00e4ch finden wir heraus, wie Gastro.Digital am besten zu deinem Unternehmen passt.\u00a0 W\u00e4hle hier direkt einen Termin und das Produkt, f\u00fcr das du dich am meisten interessierst. Du bist schon Kunde? Dann buche hier einen Termin f\u00fcr die Einrichtung deiner Software oder eine Mitarbeiterschulung<\/p>","protected":false},"author":4,"featured_media":0,"parent":0,"menu_order":0,"comment_status":"closed","ping_status":"closed","template":"","meta":{"_acf_changed":false,"content-type":"","footnotes":""},"class_list":["post-12805","page","type-page","status-publish","hentry","no-post-thumbnail"],"acf":[],"aioseo_notices":[],"_hostinger_reach_plugin_has_subscription_block":false,"_hostinger_reach_plugin_is_elementor":false,"_links":{"self":[{"href":"https:\/\/gastro.digital\/en\/wp-json\/wp\/v2\/pages\/12805","targetHints":{"allow":["GET"]}}],"collection":[{"href":"https:\/\/gastro.digital\/en\/wp-json\/wp\/v2\/pages"}],"about":[{"href":"https:\/\/gastro.digital\/en\/wp-json\/wp\/v2\/types\/page"}],"author":[{"embeddable":true,"href":"https:\/\/gastro.digital\/en\/wp-json\/wp\/v2\/users\/4"}],"replies":[{"embeddable":true,"href":"https:\/\/gastro.digital\/en\/wp-json\/wp\/v2\/comments?post=12805"}],"version-history":[{"count":7,"href":"https:\/\/gastro.digital\/en\/wp-json\/wp\/v2\/pages\/12805\/revisions"}],"predecessor-version":[{"id":14142,"href":"https:\/\/gastro.digital\/en\/wp-json\/wp\/v2\/pages\/12805\/revisions\/14142"}],"wp:attachment":[{"href":"https:\/\/gastro.digital\/en\/wp-json\/wp\/v2\/media?parent=12805"}],"curies":[{"name":"wp","href":"https:\/\/api.w.org\/{rel}","templated":true}]}}